{"id":115,"date":"2017-04-27T14:38:44","date_gmt":"2017-04-27T13:38:44","guid":{"rendered":"http:\/\/www.belmar.pt\/?page_id=115"},"modified":"2020-07-10T12:35:44","modified_gmt":"2020-07-10T11:35:44","slug":"entrada","status":"publish","type":"page","link":"https:\/\/www.belmar.pt\/de\/","title":{"rendered":"Zuhause"},"content":{"rendered":"<p>\u00a0<\/p>\n<h1>\u00a0<\/h1>\n<h1 class=\"rich-text block-editor-rich-text__editable has-text-align-center\" role=\"textbox\" contenteditable=\"true\" aria-multiline=\"true\" aria-label=\"Escreva um t\u00edtulo\u2026\">HINTER JEDER KONSERVE STECKT EINE GESCHICHTE<\/h1>\n<p style=\"text-align: center; margin-left: 120px; margin-right: 120px;\">Die Marke BELMAR hat die Absicht, eine Reihe von Fischkonserven von h\u00f6chster Qualit\u00e4t zusammenzubringen, die nach handwerklicher Methode hergestellt wurden und so das Beste aus Portugal zeigen.<\/p>\n\n\n<div class=\"wp-block-columns is-layout-flex wp-container-core-columns-is-layout-1 wp-block-columns-is-layout-flex\">\n<div class=\"wp-block-column is-layout-flow wp-block-column-is-layout-flow\">\n<figure class=\"wp-block-image size-large\"><img decoding=\"async\" src=\"https:\/\/www.belmar.pt\/wp-content\/uploads\/2020\/06\/home1.png\" alt=\"\" class=\"wp-image-540\"\/><\/figure>\n<\/div>\n\n\n\n<div class=\"wp-block-column is-layout-flow wp-block-column-is-layout-flow\">\n<figure class=\"wp-block-image size-large\"><img decoding=\"async\" src=\"https:\/\/www.belmar.pt\/wp-content\/uploads\/2020\/06\/home2.png\" alt=\"\" class=\"wp-image-541\"\/><\/figure>\n<\/div>\n\n\n\n<div class=\"wp-block-column is-layout-flow wp-block-column-is-layout-flow\">\n<figure class=\"wp-block-image size-large\"><img decoding=\"async\" src=\"https:\/\/www.belmar.pt\/wp-content\/uploads\/2020\/06\/home3.png\" alt=\"\" class=\"wp-image-542\"\/><\/figure>\n<\/div>\n<\/div>\n\n\n\n<h1 style=\"text-align: center;\">Schmeckt nach mehr<\/h1>\n<p style=\"text-align: center; margin-left: 120px; margin-right: 120px;\">Unsere Konserven werden wie in der Vergangenheit zeitaufw\u00e4ndiger und mit mehr Handarbeit hergestellt. Dies tr\u00e4gt zu einem einzigartigen Meeresgeschmack und einer zus\u00e4tzlichen Qualit\u00e4t bei, die es erm\u00f6glicht, unser Produkt auf prestigetr\u00e4chtige Weise in den Markt zu integrieren.<\/p>\n\n\n\n<div class=\"wp-block-columns is-layout-flex wp-container-core-columns-is-layout-2 wp-block-columns-is-layout-flex\">\n<div class=\"wp-block-column is-layout-flow wp-block-column-is-layout-flow\">\n<figure class=\"wp-block-image size-large\"><img decoding=\"async\" src=\"https:\/\/www.belmar.pt\/wp-content\/uploads\/2018\/12\/ACR8981-min-1024x684.jpg\" alt=\"\" class=\"wp-image-449\"\/><\/figure>\n<\/div>\n\n\n\n<div class=\"wp-block-column is-layout-flow wp-block-column-is-layout-flow\">\n<figure class=\"wp-block-image size-large\"><img decoding=\"async\" src=\"https:\/\/www.belmar.pt\/wp-content\/uploads\/2018\/12\/ACR8987-1024x684.jpg\" alt=\"\" class=\"wp-image-446\"\/><\/figure>\n<\/div>\n\n\n\n<div class=\"wp-block-column is-layout-flow wp-block-column-is-layout-flow\">\n<figure class=\"wp-block-image size-large\"><img decoding=\"async\" src=\"https:\/\/www.belmar.pt\/wp-content\/uploads\/2020\/07\/ACR8918.jpg\" alt=\"\" class=\"wp-image-614\"\/><\/figure>\n<\/div>\n<\/div>\n","protected":false},"excerpt":{"rendered":"<p>\u00a0 \u00a0 HINTER JEDER KONSERVE STECKT EINE GESCHICHTE Die Marke BELMAR hat die Absicht, eine Reihe von Fischkonserven von h\u00f6chster Qualit\u00e4t zusammenzubringen, die nach handwerklicher Methode hergestellt wurden und so das Beste aus Portugal zeigen. Schmeckt nach mehr Unsere Konserven werden wie in der Vergangenheit zeitaufw\u00e4ndiger und mit mehr Handarbeit hergestellt. Dies tr\u00e4gt zu einem [&hellip;]<\/p>\n","protected":false},"author":1,"featured_media":0,"parent":0,"menu_order":0,"comment_status":"closed","ping_status":"closed","template":"template-fullwidth-no-title.php","meta":{"footnotes":""},"_links":{"self":[{"href":"https:\/\/www.belmar.pt\/de\/wp-json\/wp\/v2\/pages\/115"}],"collection":[{"href":"https:\/\/www.belmar.pt\/de\/wp-json\/wp\/v2\/pages"}],"about":[{"href":"https:\/\/www.belmar.pt\/de\/wp-json\/wp\/v2\/types\/page"}],"author":[{"embeddable":true,"href":"https:\/\/www.belmar.pt\/de\/wp-json\/wp\/v2\/users\/1"}],"replies":[{"embeddable":true,"href":"https:\/\/www.belmar.pt\/de\/wp-json\/wp\/v2\/comments?post=115"}],"version-history":[{"count":7,"href":"https:\/\/www.belmar.pt\/de\/wp-json\/wp\/v2\/pages\/115\/revisions"}],"predecessor-version":[{"id":477,"href":"https:\/\/www.belmar.pt\/de\/wp-json\/wp\/v2\/pages\/115\/revisions\/477"}],"wp:attachment":[{"href":"https:\/\/www.belmar.pt\/de\/wp-json\/wp\/v2\/media?parent=115"}],"curies":[{"name":"wp","href":"https:\/\/api.w.org\/{rel}","templated":true}]}}