{"id":2,"date":"2017-04-26T15:49:47","date_gmt":"2017-04-26T15:49:47","guid":{"rendered":"http:\/\/www.belmar.pt\/?page_id=2"},"modified":"2020-07-01T12:44:59","modified_gmt":"2020-07-01T11:44:59","slug":"belmar","status":"publish","type":"page","link":"https:\/\/www.belmar.pt\/de\/belmar\/","title":{"rendered":"Belmar"},"content":{"rendered":"<h2 style=\"text-align: center;\">&nbsp;<img loading=\"lazy\" decoding=\"async\" class=\"alignnone size-full wp-image-606\" src=\"https:\/\/www.belmar.pt\/wp-content\/uploads\/2020\/06\/peixe.png\" alt=\"\" width=\"477\" height=\"103\"><\/h2>\n<h2 class=\"module-title font-alt product-hide-title\" style=\"text-align: center;\">HINTER JEDER KONSERVE STECKT EINE GESCHICHTE<\/h2>\n<p style=\"text-align: center;\">BELMAR\u00ae ist eine gesch\u00fctzte portugiesische Marke, die zu GrowOut Investimentos geh\u00f6rt und in Set\u00fabal gegr\u00fcndet wurde, einer Stadt mit einer langen und traditionsreichen Geschichte im Bereich der handwerklichen Konservenindustrie. Sogar die Gr\u00fcndung der Stadt hat ihre Wurzeln in diesem Sektor.<\/p>\n<p style=\"text-align: center;\"><img loading=\"lazy\" decoding=\"async\" class=\"alignnone size-full wp-image-605\" src=\"https:\/\/www.belmar.pt\/wp-content\/uploads\/2020\/06\/azeitonas.png\" alt=\"\" width=\"468\" height=\"312\"><\/p>\n<h2 class=\"module-title font-alt product-hide-title\" style=\"text-align: center;\">BELMAR\u00ae &#8211; EINE QUALIT\u00c4TSMARKE<\/h2>\n<p style=\"text-align: center;\">BELMAR\u00ae, setzt auf den spezialisierten und anspruchsvollen Gourmet-Markt und geht bei der Auswahl von Produkten und Zulieferern mit \u00e4u\u00dferster Sorgfalt vor. Nur so war es m\u00f6glich, Produkte mit traditionellem Geschmack in Verbindung mit den hohen Qualit\u00e4tsstandards von heute und gleichzeitig mit einem Hauch von Modernit\u00e4t zu gestalten. Die Marke entwickelte handwerklich verarbeitete Produkte in Erinnerung an die von der Gro\u00dfeltern der Gr\u00fcnder in ihrer Kindheit vermittelten Aromen. Da es sich um qualitativ hochwertige Produkte handelt, die nicht auf Abruf, sondern nur in Abh\u00e4ngigkeit von den nat\u00fcrlichen Ressourcen verf\u00fcgbar sind, wird die Marke in Fachgesch\u00e4ften f\u00fcr Feinschmecker angeboten. Es werden ausschlie\u00dflich frische Sardinen und Makrelen sowie Thunfisch und \u201eBig Eye\u201c (Tunnus Obesus) aus dem Atlantik verarbeitet. Auch das verwendete Oliven\u00f6l ist von h\u00f6chster Qualit\u00e4t, mit dem Ziel das Aroma des Fischs hervorzuheben und dessen Textur zu erhalten. Einfach ausgedr\u00fcckt: BELMAR\u00ae entspricht der einst den Fabrikanten vorbehaltenen Produktion, bei der bei allem stets mit gr\u00f6\u00dfter Sorgfalt und Detailgenauigkeit vorgegangen wurde. In diesem Sinne k\u00f6nnen wir au\u00dferdem mit Stolz eine FDA-Zertifizierung vorweisen.<\/p>\n<p style=\"text-align: center;\">BELMAR\u00ae wurde Mitte 2016 auf dem Markt eingef\u00fchrt. Derzeit sind 10 verschiedene Sardinenkonserven, 7 Markrelenkonserven und 6 Thunfischkonserven erh\u00e4ltlich, einschlie\u00dflich eines BIO-Sortiments f\u00fcr alle drei Fischarten.<\/p>\n","protected":false},"excerpt":{"rendered":"<p>&nbsp; HINTER JEDER KONSERVE STECKT EINE GESCHICHTE BELMAR\u00ae ist eine gesch\u00fctzte portugiesische Marke, die zu GrowOut Investimentos geh\u00f6rt und in Set\u00fabal gegr\u00fcndet wurde, einer Stadt mit einer langen und traditionsreichen Geschichte im Bereich der handwerklichen Konservenindustrie. Sogar die Gr\u00fcndung der Stadt hat ihre Wurzeln in diesem Sektor. BELMAR\u00ae &#8211; EINE QUALIT\u00c4TSMARKE BELMAR\u00ae, setzt auf den [&hellip;]<\/p>\n","protected":false},"author":1,"featured_media":373,"parent":0,"menu_order":0,"comment_status":"closed","ping_status":"open","template":"template-fullwidth.php","meta":{"footnotes":""},"_links":{"self":[{"href":"https:\/\/www.belmar.pt\/de\/wp-json\/wp\/v2\/pages\/2"}],"collection":[{"href":"https:\/\/www.belmar.pt\/de\/wp-json\/wp\/v2\/pages"}],"about":[{"href":"https:\/\/www.belmar.pt\/de\/wp-json\/wp\/v2\/types\/page"}],"author":[{"embeddable":true,"href":"https:\/\/www.belmar.pt\/de\/wp-json\/wp\/v2\/users\/1"}],"replies":[{"embeddable":true,"href":"https:\/\/www.belmar.pt\/de\/wp-json\/wp\/v2\/comments?post=2"}],"version-history":[{"count":5,"href":"https:\/\/www.belmar.pt\/de\/wp-json\/wp\/v2\/pages\/2\/revisions"}],"predecessor-version":[{"id":416,"href":"https:\/\/www.belmar.pt\/de\/wp-json\/wp\/v2\/pages\/2\/revisions\/416"}],"wp:featuredmedia":[{"embeddable":true,"href":"https:\/\/www.belmar.pt\/de\/wp-json\/wp\/v2\/media\/373"}],"wp:attachment":[{"href":"https:\/\/www.belmar.pt\/de\/wp-json\/wp\/v2\/media?parent=2"}],"curies":[{"name":"wp","href":"https:\/\/api.w.org\/{rel}","templated":true}]}}