{"id":2,"date":"2017-04-26T15:49:47","date_gmt":"2017-04-26T15:49:47","guid":{"rendered":"http:\/\/www.belmar.pt\/?page_id=2"},"modified":"2020-07-01T12:46:26","modified_gmt":"2020-07-01T11:46:26","slug":"belmar","status":"publish","type":"page","link":"https:\/\/www.belmar.pt\/fr\/belmar\/","title":{"rendered":"Belmar"},"content":{"rendered":"<h2 style=\"text-align: center;\">&nbsp;<img loading=\"lazy\" decoding=\"async\" class=\"alignnone size-full wp-image-606\" src=\"https:\/\/www.belmar.pt\/wp-content\/uploads\/2020\/06\/peixe.png\" alt=\"\" width=\"477\" height=\"103\"><\/h2>\n<h2 class=\"module-title font-alt product-hide-title\" style=\"text-align: center;\">UNE HISTOIRE DANS CHAQUE CONSERVE<\/h2>\n<p style=\"text-align: center;\">BELMAR\u00ae est une marque portugaise d\u00e9pos\u00e9e appartenant \u00e0 GrowOut Investimentos, dont les origines se trouvent \u00e0 Set\u00fabal, une ville ayant une longue et fi\u00e8re tradition dans l&rsquo;art de la conserverie, les racines de ses fondateurs \u00e9tant directement li\u00e9es \u00e0 cette activit\u00e9.<\/p>\n<p style=\"text-align: center;\"><img loading=\"lazy\" decoding=\"async\" class=\"alignnone size-full wp-image-605\" src=\"https:\/\/www.belmar.pt\/wp-content\/uploads\/2020\/06\/azeitonas.png\" alt=\"\" width=\"468\" height=\"312\"><\/p>\n<h2 class=\"module-title font-alt product-hide-title\" style=\"text-align: center;\">BELMAR\u00ae EST UNE MARQUE D&rsquo;EXCEPTION<\/h2>\n<p style=\"text-align: center;\">BELMAR\u00ae a fait un pari sur le march\u00e9 gourmet sp\u00e9cialis\u00e9 et tr\u00e8s exigeant, en s\u00e9lectionnant avec soin ses produits et ses fournisseurs. C&rsquo;\u00e9tait la seule fa\u00e7on de concevoir des produits aux saveurs d&rsquo;antan, avec les normes de qualit\u00e9 \u00e9lev\u00e9es d&rsquo;aujourd&rsquo;hui, et en m\u00eame temps avec une touche de modernit\u00e9. C&rsquo;est une marque dont les produits ont \u00e9t\u00e9 d\u00e9velopp\u00e9s artisanalement, \u00e0 l&rsquo;image de la m\u00e9moire des saveurs apport\u00e9es par les grands-parents, au cours de l&rsquo;enfance de ses fondateurs. Elle est disponible dans les magasins gourmets et sp\u00e9cialis\u00e9s car il s&rsquo;agit d&rsquo;un produit de haute qualit\u00e9 qui utilise des produits d&rsquo;excellence disponibles uniquement lorsque la nature le permet et non lorsque l&rsquo;Homme le veut. Elle n&rsquo;utilise que des sardines et des maquereaux frais et le thon est du thon Big Eye (Tunnus Obesus) de l&rsquo;Atlantique. L&rsquo;huile d&rsquo;olive s\u00e9lectionn\u00e9e est \u00e9galement de haute qualit\u00e9 afin de mettre en valeur toute la saveur du poisson et sa texture. En bref, BELMAR\u00ae est l&rsquo;\u00e9quivalent de la production r\u00e9serv\u00e9e autrefois au fabricant, o\u00f9 tout \u00e9tait servi avec le plus grand soin et dans le moindre d\u00e9tail. Elle est donc fi\u00e8re d&rsquo;\u00eatre certifi\u00e9e par la FDA.<\/p>\n<p style=\"text-align: center;\">\nBELMAR\u00ae est sur le march\u00e9 depuis la mi-2016. Elle propose actuellement 10 vari\u00e9t\u00e9s de Sardine, 7 de Maquereau et 6 de Thon, y compris la ligne BIO transversale aux trois types de poissons.<\/p>\n","protected":false},"excerpt":{"rendered":"<p>&nbsp; UNE HISTOIRE DANS CHAQUE CONSERVE BELMAR\u00ae est une marque portugaise d\u00e9pos\u00e9e appartenant \u00e0 GrowOut Investimentos, dont les origines se trouvent \u00e0 Set\u00fabal, une ville ayant une longue et fi\u00e8re tradition dans l&rsquo;art de la conserverie, les racines de ses fondateurs \u00e9tant directement li\u00e9es \u00e0 cette activit\u00e9. BELMAR\u00ae EST UNE MARQUE D&rsquo;EXCEPTION BELMAR\u00ae a fait [&hellip;]<\/p>\n","protected":false},"author":1,"featured_media":382,"parent":0,"menu_order":0,"comment_status":"closed","ping_status":"open","template":"template-fullwidth.php","meta":{"footnotes":""},"_links":{"self":[{"href":"https:\/\/www.belmar.pt\/fr\/wp-json\/wp\/v2\/pages\/2"}],"collection":[{"href":"https:\/\/www.belmar.pt\/fr\/wp-json\/wp\/v2\/pages"}],"about":[{"href":"https:\/\/www.belmar.pt\/fr\/wp-json\/wp\/v2\/types\/page"}],"author":[{"embeddable":true,"href":"https:\/\/www.belmar.pt\/fr\/wp-json\/wp\/v2\/users\/1"}],"replies":[{"embeddable":true,"href":"https:\/\/www.belmar.pt\/fr\/wp-json\/wp\/v2\/comments?post=2"}],"version-history":[{"count":6,"href":"https:\/\/www.belmar.pt\/fr\/wp-json\/wp\/v2\/pages\/2\/revisions"}],"predecessor-version":[{"id":430,"href":"https:\/\/www.belmar.pt\/fr\/wp-json\/wp\/v2\/pages\/2\/revisions\/430"}],"wp:featuredmedia":[{"embeddable":true,"href":"https:\/\/www.belmar.pt\/fr\/wp-json\/wp\/v2\/media\/382"}],"wp:attachment":[{"href":"https:\/\/www.belmar.pt\/fr\/wp-json\/wp\/v2\/media?parent=2"}],"curies":[{"name":"wp","href":"https:\/\/api.w.org\/{rel}","templated":true}]}}