{"id":90,"date":"2017-04-27T14:14:21","date_gmt":"2017-04-27T13:14:21","guid":{"rendered":"http:\/\/www.belmar.pt\/?page_id=90"},"modified":"2020-06-26T13:01:49","modified_gmt":"2020-06-26T12:01:49","slug":"contactos","status":"publish","type":"page","link":"https:\/\/www.belmar.pt\/fr\/contactos\/","title":{"rendered":"Contactez-nous"},"content":{"rendered":"<p><iframe loading=\"lazy\" style=\"border: 0;\" src=\"https:\/\/www.google.com\/maps\/embed?pb=!1m18!1m12!1m3!1d3120.967007870166!2d-8.897754585117744!3d38.53452867962819!2m3!1f0!2f0!3f0!3m2!1i1024!2i768!4f13.1!3m3!1m2!1s0xd1943bb4aa81ab3%3A0xdda0c00c1002252b!2sPraceta+Jos%C3%A9+R%C3%A9gio+7%2C+2900-167+Set%C3%BAbal!5e0!3m2!1spt-PT!2spt!4v1493300172763\" width=\"600\" height=\"450\" frameborder=\"0\" allowfullscreen=\"allowfullscreen\"><\/iframe><\/p>\n<p>Email: <a href=\"mailto:info@belmar.pt\" target=\"_blank\" rel=\"noopener noreferrer\">info@belmar.pt<\/a><br \/>\nT\u00e9l\u00e9phone: +351 265 092 581<br \/>\nPraceta Jos\u00e9 R\u00e9gio n\u00ba 7<br \/>\n2900-168 Set\u00fabal<br \/>\nPortugal<\/p>\n","protected":false},"excerpt":{"rendered":"<p>Email: info@belmar.pt T\u00e9l\u00e9phone: +351 265 092 581 Praceta Jos\u00e9 R\u00e9gio n\u00ba 7 2900-168 Set\u00fabal Portugal<\/p>\n","protected":false},"author":1,"featured_media":377,"parent":0,"menu_order":0,"comment_status":"closed","ping_status":"closed","template":"template-contact.php","meta":{"footnotes":""},"_links":{"self":[{"href":"https:\/\/www.belmar.pt\/fr\/wp-json\/wp\/v2\/pages\/90"}],"collection":[{"href":"https:\/\/www.belmar.pt\/fr\/wp-json\/wp\/v2\/pages"}],"about":[{"href":"https:\/\/www.belmar.pt\/fr\/wp-json\/wp\/v2\/types\/page"}],"author":[{"embeddable":true,"href":"https:\/\/www.belmar.pt\/fr\/wp-json\/wp\/v2\/users\/1"}],"replies":[{"embeddable":true,"href":"https:\/\/www.belmar.pt\/fr\/wp-json\/wp\/v2\/comments?post=90"}],"version-history":[{"count":7,"href":"https:\/\/www.belmar.pt\/fr\/wp-json\/wp\/v2\/pages\/90\/revisions"}],"predecessor-version":[{"id":373,"href":"https:\/\/www.belmar.pt\/fr\/wp-json\/wp\/v2\/pages\/90\/revisions\/373"}],"wp:featuredmedia":[{"embeddable":true,"href":"https:\/\/www.belmar.pt\/fr\/wp-json\/wp\/v2\/media\/377"}],"wp:attachment":[{"href":"https:\/\/www.belmar.pt\/fr\/wp-json\/wp\/v2\/media?parent=90"}],"curies":[{"name":"wp","href":"https:\/\/api.w.org\/{rel}","templated":true}]}}